{"id":14309,"date":"2024-12-26T16:43:49","date_gmt":"2024-12-26T16:43:49","guid":{"rendered":"https:\/\/wpfreelancer.dev\/?page_id=14309"},"modified":"2025-11-29T17:03:03","modified_gmt":"2025-11-29T17:03:03","slug":"over-mij","status":"publish","type":"page","link":"https:\/\/wpfreelancer.dev\/nl\/over-mij","title":{"rendered":"Over mij"},"content":{"rendered":"<section class=\"bde-section-14309-105 bde-section\">\n              \n  \n  \n\t\n\n\n\n<div class=\"section-container\"><h1 id=\"hero-home__h1\" class=\"bde-heading-14309-106 bde-heading\">\n<br><br>Fred van der Meijde <span class='heading_title_yellow'> WordPress Expert &amp;<\/span> and <br>Performance Specialist\n<\/h1><div class=\"bde-text-14309-107 bde-text\">\nMet jarenlange ervaring in ontwikkeling, optimalisatie en beveiliging help ik bedrijven hun WordPress websites naar een hoger niveau te tillen.\n<\/div><img decoding=\"async\" class=\"bde-image2-14309-253 bde-image2\" src=\"https:\/\/wpfreelancer.dev\/wp-content\/uploads\/2025\/01\/profile-wpfreelancer.png\" srcset=\"https:\/\/wpfreelancer.dev\/wp-content\/uploads\/2025\/01\/profile-wpfreelancer.png 300w, https:\/\/wpfreelancer.dev\/wp-content\/uploads\/2025\/01\/profile-wpfreelancer-150x150.png 150w\" sizes=\"(max-width: 300px) 100vw, 300px\"><\/div>\n<\/section><section class=\"bde-section-14309-249 bde-section\" data-bde-lazy-bg=\"waiting\">\n              \n  \n        \n    \n\t\n\n  <div class=\"section-background-overlay\"><\/div>\n\n\n<div class=\"section-container\"><h3 class=\"bde-heading-14309-252 bde-heading\">\nWie ik ben...\n<\/h3><div class=\"bde-text-14309-251 bde-text\">\nHey, ik ben Fred \u2014 WordPress specialist met meer dan 11 jaar ervaring in website optimalisatie, beveiliging en technisch onderhoud. Ik help ondernemers, webshops en agencies met snelle, veilige en stabiele WordPress websites die gewoon doen wat ze moeten doen.\n<\/br><\/br>\nMijn expertise ligt in performance optimalisatie, malware verwijdering, beveiliging en structureel onderhoud. Daarnaast bied ik white-label support voor bureaus die hun klanten professionele WordPress ondersteuning willen bieden onder eigen naam.<br><br>Voordat ik fulltime met WordPress aan de slag ging, werkte ik als Gerechtsdeurwaarder (High Court Enforcement Agent) en gaf ik leiding aan een team van 10 medewerkers. Daar leerde ik hoe belangrijk verantwoordelijkheid, betrouwbaarheid en duidelijke communicatie zijn \u2014 waarden die ik nog steeds meeneem in mijn werk.<br><br>Ik woon en werk in Portugal, waar ik geniet van het buitenleven en meer dan 300 dagen zon per jaar. In mijn vrije tijd wandel en train ik met mijn honden en breng ik graag tijd door met mijn gezin.<br><br>Of het nu gaat om een gehackte website, een complexe performance bottleneck of structureel onderhoud \u2014 ik werk altijd met focus, precisie en lange termijnvisie.<br><br>Mijn doel?\nZorgen dat jouw WordPress website snel, veilig en probleemloos draait \u2014 zodat jij je kunt richten op je business.\n<\/div><\/div>\n<\/section><section class=\"bde-section-14309-146 bde-section\">\n              \n  \n  \n\t\n\n\n\n<div class=\"section-container\"><h2 id=\"hero-home__h1\" class=\"bde-heading-14309-228 bde-heading\">\nDit zijn de <span class='heading_title_yellow'>WordPress diensten<\/span> <br>die ik lever\n<\/h2><div class=\"bde-columns-14309-149 bde-columns\"><div class=\"bde-column-14309-150 bde-column\">\n              \n  \n  \n\t\n\n\n\n<h1 class=\"bde-heading-14309-153 bde-heading\">\n<span class='heading_title_blue'>WordPress snelheidsoptimalisatie?<\/span>\n<\/h1><div class=\"bde-text-14309-154 bde-text\">\nIk optimaliseer je website voor laadtijd en Core Web Vitals (zoals LCP, CLS en INP). Minder bloat, slimmer laden, betere scores \u00e9n een snellere beleving voor je bezoekers. \n<\/div>\n<\/div><div class=\"bde-column-14309-229 bde-column\">\n              \n  \n  \n\t\n\n\n\n<h1 class=\"bde-heading-14309-230 bde-heading\">\n<span class='heading_title_blue'>WordPress website onderhoud<\/span>\n<\/h1><div class=\"bde-text-14309-231 bde-text\">\nUpdates, controles en preventief onderhoud zodat je site stabiel blijft draaien. Inclusief basis checks op fouten, performance en compatibiliteit. \n<\/div>\n<\/div><\/div><div class=\"bde-columns-14309-232 bde-columns\"><div class=\"bde-column-14309-233 bde-column\">\n              \n  \n  \n\t\n\n\n\n<h1 class=\"bde-heading-14309-234 bde-heading\">\n<span class='heading_title_blue'>WP Doctor \u2013 Los \u00e9\u00e9n WordPress probleem op<\/span>\n<\/h1><div class=\"bde-text-14309-235 bde-text\">\nIk bied snelle en gerichte WordPress support voor het oplossen van \u00e9\u00e9n specifiek probleem. Met diepgaande kennis van WordPress spoor ik de oorzaak effici\u00ebnt op en los ik het probleem vakkundig voor je op.\n<\/div>\n<\/div><div class=\"bde-column-14309-236 bde-column\">\n              \n  \n  \n\t\n\n\n\n<h1 class=\"bde-heading-14309-237 bde-heading\">\n<span class='heading_title_blue'>WordPress Tune-Up Service<\/span>\n<\/h1><div class=\"bde-text-14309-238 bde-text\">\nNet als bij een auto heeft ook je website af en toe een onderhoudsbeurt nodig. Met deze tune-up zorg ik ervoor dat je WordPress website weer up-to-date, stabiel en veilig draait \u2014 essentieel voor goede prestaties en betrouwbaarheid.\n<\/div>\n<\/div><\/div><div class=\"bde-columns-14309-239 bde-columns\"><div class=\"bde-column-14309-240 bde-column\">\n              \n  \n  \n\t\n\n\n\n<h1 class=\"bde-heading-14309-241 bde-heading\">\n<span class='heading_title_blue'>WordPress Malware Verwijdering<\/span>\n<\/h1><div class=\"bde-text-14309-242 bde-text\">\nIs je WordPress website gehackt of ge\u00efnfecteerd? Ik ben gespecialiseerd in WordPress beveiliging en malwareverwijdering. Ge\u00efnfecteerde bestanden worden opgeschoond, beveiligingslekken gedicht en je website wordt veilig hersteld \u2014 vaak nog dezelfde dag.\n<\/div>\n<\/div><div class=\"bde-column-14309-243 bde-column\">\n              \n  \n  \n\t\n\n\n\n<h1 class=\"bde-heading-14309-244 bde-heading\">\n<span class='heading_title_blue'>WordPress Ontwikkeling \u2013 Huur een Expert In<\/span>\n<\/h1><div class=\"bde-text-14309-245 bde-text\">\nHeb je extra expertise nodig? Ik help bij maatwerkontwikkeling, aanpassingen en technische WordPress taken. Of het nu gaat om kleine wijzigingen of complexere functionaliteit \u2014 je huurt direct een ervaren WordPress specialist in.\n<\/div>\n<\/div><\/div><div class=\"bde-image-14309-187 bde-image\">\n<figure class=\"breakdance-image breakdance-image--12934\">\n\t<div class=\"breakdance-image-container\">\n\t\t<div class=\"breakdance-image-clip\"><div class=\"breakdance-image__mask\"><img decoding=\"async\" class=\"breakdance-image-object\" src=\"https:\/\/wpfreelancer.dev\/wp-content\/uploads\/2024\/02\/wordpress-freelancer-768x512.jpg\" width=\"768\" height=\"512\" srcset=\"https:\/\/wpfreelancer.dev\/wp-content\/uploads\/2024\/02\/wordpress-freelancer-768x512.jpg 768w, https:\/\/wpfreelancer.dev\/wp-content\/uploads\/2024\/02\/wordpress-freelancer-300x200.jpg 300w, https:\/\/wpfreelancer.dev\/wp-content\/uploads\/2024\/02\/wordpress-freelancer.jpg 1000w\" sizes=\"auto, (max-width: 768px) 100vw, 768px\" alt=\"Een kritieke fout herstellen op een WordPress site voor verbeterde functionaliteit\" loading=\"lazy\"><\/div><\/div>\n\t<\/div><\/figure>\n\n<\/div><\/div>\n<\/section><section class=\"bde-section-14309-188 bde-section\">\n  \n  \n\t\n\n\n\n<div class=\"section-container\"><h1 id=\"resume-home__h2\" class=\"bde-heading-14309-189 bde-heading\">\nMijn loopbaan: groei, <span class='heading_title_yellow'>expertise en<\/span> specialisatie in WordPress\n<\/h1><div class=\"bde-div-14309-190 bde-div\">\n  \n  \n\t\n\n\n\n<div class=\"bde-div-14309-191 bde-div\">\n  \n  \n\t\n\n\n\n<h2 class=\"bde-heading-14309-192 bde-heading\">\nWebdesign, Ontwikkeling <br>&amp; Hosting\n<\/h2><div class=\"bde-text-14309-193 bde-text\">\n2008 - HEDEN\n<\/div><div class=\"bde-text-14309-194 bde-text\">\nOprichter en eigenaar van een webbureau, actief in webdesign, ontwikkeling en hosting voor uiteenlopende klanten, met een sterke focus op WordPress-oplossingen.\n<\/div>\n<\/div><div class=\"bde-div-14309-199 bde-div\">\n  \n  \n\t\n\n\n\n<h2 class=\"bde-heading-14309-200 bde-heading\">\nSupport Agent\n<\/h2><div class=\"bde-text-14309-201 bde-text\">\n2019 - 2021\n<\/div><div class=\"bde-text-14309-202 bde-text\">\nActief als eerstelijns WordPress support agent in een white-label setting. Verantwoordelijk voor het oplossen van technische issues, troubleshooting, performance-gerelateerde vragen en klantondersteuning voor meerdere WordPress-diensten.\n<\/div>\n<\/div><div class=\"bde-div-14309-195 bde-div\">\n  \n  \n\t\n\n\n\n<h2 class=\"bde-heading-14309-196 bde-heading\">\nWordPress Snelheid <br>Optimalisatie Expert\n<\/h2><div class=\"bde-text-14309-197 bde-text\">\n2021 - HEDEN\n<\/div><div class=\"bde-text-14309-198 bde-text\">\nSnelheidsspecialist &amp; supportmedewerker bij WP FIX IT\n<\/div>\n<\/div>\n<\/div><a class=\"bde-container-link-14309-205 bde-container-link breakdance-link\" href=\"#\" target=\"_self\" aria-label=\"contact met mij opnemen\" role=\"button\">\n  \n  \n\t\n\n\n\n<div class=\"bde-image-14309-206 bde-image clock\" aria-label=\"contact met mij opnemen\" role=\"button\">\n<figure class=\"breakdance-image breakdance-image--13928\">\n\t<div class=\"breakdance-image-container\">\n\t\t<div class=\"breakdance-image-clip\"><a class=\"breakdance-image-link breakdance-image-link--url\" href=\"https:\/\/wpfreelancer.dev\/nl\/neem-contact-op-met\/\" target=\"_self\" rel=\"noopener\" data-sub-html=\"\" data-lg-size=\"-\"><img decoding=\"async\" class=\"breakdance-image-object\" src=\"https:\/\/wpfreelancer.dev\/wp-content\/uploads\/2025\/01\/hire-a-wordpress-expert-200-200.webp\" width=\"197\" height=\"200\" alt=\"Een WordPress expert inhuren\" loading=\"lazy\"><\/a><\/div>\n\t<\/div><\/figure>\n\n<\/div>\n\n<\/a><\/div>\n<\/section><section class=\"bde-section-14309-207 bde-section\">\n  \n  \n\t\n\n\n\n<div class=\"section-container\"><h3 id=\"testimonial-home__h2\" class=\"bde-heading-14309-208 bde-heading\">\nKlant aan het woord \u2014<br>Eerlijke feedback, echte resultaten\n<\/h3><div class=\"bde-columns-14309-209 bde-columns\"><div class=\"bde-column-14309-210 bde-column\">\n  \n  \n\t\n\n\n\n<div class=\"bde-image-14309-212 bde-image\">\n<figure class=\"breakdance-image breakdance-image--12925\">\n\t<div class=\"breakdance-image-container\">\n\t\t<div class=\"breakdance-image-clip\"><img loading=\"lazy\" decoding=\"async\" class=\"breakdance-image-object\" src=\"https:\/\/wpfreelancer.dev\/wp-content\/uploads\/2024\/02\/John-Kramer-profile-picture.jpg\" width=\"768\" height=\"849\" srcset=\"https:\/\/wpfreelancer.dev\/wp-content\/uploads\/2024\/02\/John-Kramer-profile-picture.jpg 768w, https:\/\/wpfreelancer.dev\/wp-content\/uploads\/2024\/02\/John-Kramer-profile-picture-271x300.jpg 271w\" sizes=\"auto, (max-width: 768px) 100vw, 768px\" alt=\"Blije klant uit Amsterdam deelt een beoordeling van WordPress optimalisatie diensten\"><\/div>\n\t<\/div><\/figure>\n\n<\/div>\n<\/div><div class=\"bde-column-14309-211 bde-column\">\n  \n  \n\t\n\n\n\n<div class=\"bde-text-14309-213 bde-text\">\nJohn Kramer Marketing\n<\/div><div class=\"bde-text-14309-214 bde-text\">\nJohn Kramer\n<\/div><div class=\"bde-text-14309-215 bde-text\">\n\"   Ik zou het zeker aanraden om met Fred van WP Freelancer te werken. Professioneel en op tijd geleverd met een geweldige klantenservice! \"<br><br>Fred is voor ons van onschatbare waarde geweest. Hij heeft onze WordPress problemen vakkundig aangepakt, de prestaties van onze website verbeterd en een breed scala aan technische vaardigheden laten zien. Hij onderscheidt zich door zijn snelle, attente en deskundige aanpak.<br><br>Fred heeft altijd een uitzonderlijke klantenservice geleverd, waarbij hij alle opdrachten effici\u00ebnt en nauwkeurig heeft aangepakt. Zijn methodische en georganiseerde aard, in combinatie met zijn diepgaande kennis van WordPress, zorgt ervoor dat hij altijd klaar staat om te helpen wanneer we in nood zijn. Hij reageert snel en geeft inzichtelijk advies, acties of begeleiding om elk probleem op te lossen.<br><br>Ik kan Fred van harte aanbevelen aan iedereen die technische ondersteuning van topkwaliteit nodig heeft. Zijn professionaliteit, punctualiteit en uitstekende klantenservice zijn echt prijzenswaardig. \"\n<\/div>\n<\/div><\/div><\/div>\n<\/section>","protected":false},"excerpt":{"rendered":"<p>Meet Fred: Your WordPress Expert and Speed Guru a dedicated WordPress expert and Speed Optimization guru Who I Am&#8230; Hey there! I\u2019m Fred\u2014a dedicated WordPress expert and speed optimization guru with over 11 years of experience in WordPress security, malware removal, and ensuring websites run at their absolute best. I offer 24\/7 WordPress website maintenance [&hellip;]<\/p>\n","protected":false},"author":22087,"featured_media":0,"parent":0,"menu_order":0,"comment_status":"closed","ping_status":"closed","template":"","meta":{"_seopress_robots_primary_cat":"","_seopress_titles_title":"About Me | WordPress Expert & Speed Guru - Fred","_seopress_titles_desc":"Meet Fred, a WordPress expert with 11+ years of experience in malware removal, security, speed optimization, and white-label support. Dedicated to client satisfaction!","_seopress_robots_index":"","_seopress_analysis_target_kw":"","_breakdance_hide_in_design_set":false,"_breakdance_tags":"","footnotes":""},"class_list":["post-14309","page","type-page","status-publish","hentry"],"_links":{"self":[{"href":"https:\/\/wpfreelancer.dev\/nl\/wp-json\/wp\/v2\/pages\/14309","targetHints":{"allow":["GET"]}}],"collection":[{"href":"https:\/\/wpfreelancer.dev\/nl\/wp-json\/wp\/v2\/pages"}],"about":[{"href":"https:\/\/wpfreelancer.dev\/nl\/wp-json\/wp\/v2\/types\/page"}],"author":[{"embeddable":true,"href":"https:\/\/wpfreelancer.dev\/nl\/wp-json\/wp\/v2\/users\/22087"}],"replies":[{"embeddable":true,"href":"https:\/\/wpfreelancer.dev\/nl\/wp-json\/wp\/v2\/comments?post=14309"}],"version-history":[{"count":0,"href":"https:\/\/wpfreelancer.dev\/nl\/wp-json\/wp\/v2\/pages\/14309\/revisions"}],"wp:attachment":[{"href":"https:\/\/wpfreelancer.dev\/nl\/wp-json\/wp\/v2\/media?parent=14309"}],"curies":[{"name":"wp","href":"https:\/\/api.w.org\/{rel}","templated":true}]}}