{"id":12837,"date":"2024-02-11T10:35:19","date_gmt":"2024-02-11T10:35:19","guid":{"rendered":"https:\/\/demo.alentejowebdesign.nl\/home\/"},"modified":"2026-02-08T11:31:31","modified_gmt":"2026-02-08T11:31:31","slug":"home","status":"publish","type":"page","link":"https:\/\/wpfreelancer.dev\/nl\/","title":{"rendered":"Home"},"content":{"rendered":"<section class=\"bde-section-12837-105 bde-section\">\n              \n  \n  \n\t\n\n\n\n<div class=\"section-container\"><h1 id=\"hero-home__h1\" class=\"bde-heading-12837-106 bde-heading\">\nWelkom! Ik ben Fred,  <span class=\"heading_title_yellow\">WordPress<\/span> expert met een passie voor performance.\n<\/h1><div class=\"bde-text-12837-107 bde-text\">\n24\/7 WordPress onderhoud, support en snelheidsoptimalisatie \u2014 ook white-label. \n<\/div><div class=\"bde-globalblock-12837-250 bde-globalblock\"><div class=\"bde-button-14635-100-14635-1 bde-button service-button bde-button-14635-100\">\n        \n    \n    \n    \n    \n            \n                    \n            \n            \n\n    \n    \n    \n    \n    \n    <a class=\"breakdance-link button-atom button-atom--custom bde-button__button\" href=\"https:\/\/wpfreelancer.dev\/nl\/diensten-voor-wordpress\/\" target=\"_self\" data-type=\"url\"  >\n\n    \n        <span class=\"button-atom__text\">Bekijk mijn diensten<\/span>\n\n        \n        \n                <\/a>\n\n    \n\n\n<\/div><\/div><\/div>\n<\/section><div class=\"bde-globalblock-12837-227 bde-globalblock\"><section class=\"bde-section-13140-100-13140-1 bde-section bde-section-13140-100\">\n  \n  \n\t\n\n\n\n<div class=\"section-container\"><h2 class=\"bde-heading-13140-101-13140-1 bde-heading fixlang bde-heading-13140-101\">\nHoe het werkt\n<\/h2><div class=\"bde-columns-13140-102-13140-1 bde-columns bde-columns-13140-102\"><div class=\"bde-column-13140-103-13140-1 bde-column bde-column-13140-103\">\n  \n  \n\t\n\n\n\n<div class=\"bde-lottie-animation-13140-104-13140-1 bde-lottie-animation only-mobile bde-lottie-animation-13140-104\"><\/div><h2 class=\"bde-heading-13140-105-13140-1 bde-heading fixlang bde-heading-13140-105\">\nDIEN EEN SUPPORTTICKET IN<br>\n<\/h2><div class=\"bde-text-13140-106-13140-1 bde-text bde-text-13140-106\">\nSelecteer de service die je nodig hebt en dien een ticket in via mijn systeem. Beschrijf zo duidelijk mogelijk het probleem of de taak die je wilt laten uitvoeren.\n<\/div>\n<\/div><div class=\"bde-column-13140-107-13140-1 bde-column bde-column-13140-107\">\n  \n  \n\t\n\n\n\n<div class=\"bde-lottie-animation-13140-108-13140-1 bde-lottie-animation bde-lottie-animation-13140-108\"><\/div><h2 class=\"bde-heading-13140-109-13140-1 bde-heading fixlang bde-heading-13140-109\">\nPROBLEEMOPLOSSING &amp; OPTIMALISATIE\n<\/h2><div class=\"bde-text-13140-110-13140-1 bde-text bde-text-13140-110\">\nIk ga aan de slag met je website. Of het nu gaat om probleemoplossing, performance-optimalisatie of het verwijderen van malware \u2014 je blijft altijd op de hoogte via het <a href=\"https:\/\/clients.wpfreelancer.dev\/\" target=\"_blank\" rel=\"noopener\">Klantenportaal<\/a>.\n<\/div>\n<\/div><div class=\"bde-column-13140-111-13140-1 bde-column bde-column-13140-111\">\n  \n  \n\t\n\n\n\n<div class=\"bde-lottie-animation-13140-112-13140-1 bde-lottie-animation bde-lottie-animation-13140-112\"><\/div><h2 class=\"bde-heading-13140-113-13140-1 bde-heading fixlang bde-heading-13140-113\">\nBETAAL PAS BIJ TEVREDENHEID\n<\/h2><div class=\"bde-text-13140-114-13140-1 bde-text bde-text-13140-114\">\nJe betaalt pas nadat het probleem succesvol is opgelost of de gevraagde service volledig is uitgevoerd. Kwaliteit en resultaat staan daarbij altijd voorop.\n<\/div>\n<\/div><\/div><\/div>\n<\/section><\/div><section class=\"bde-section-12837-146 bde-section\">\n              \n  \n  \n\t\n\n\n\n<div class=\"section-container\"><h2 id=\"hero-home__h1\" class=\"bde-heading-12837-228 bde-heading\">\nDit zijn de <span class=\"heading_title_yellow\">WordPress diensten<\/span> <br>die ik lever\n<\/h2><div class=\"bde-text-12837-251 bde-text\">\nVan onderhoud en beveiliging tot snelheidsoptimalisatie en probleemoplossing \u2014 voor website-eigenaren \u00e9n agencies (ook white-label).\n<\/div><div class=\"bde-columns-12837-149 bde-columns\"><div class=\"bde-column-12837-150 bde-column thebox\">\n              \n  \n  \n\t\n\n\n\n<h1 class=\"bde-heading-12837-153 bde-heading\">\n<span class=\"heading_title_blue\">WordPress snelheidsoptimalisatie?<\/span>\n<\/h1><div class=\"bde-text-12837-154 bde-text\">\nIk optimaliseer je website voor laadtijd en Core Web Vitals (zoals LCP, CLS en INP). Minder bloat, slimmer laden, betere scores \u00e9n een snellere beleving voor je bezoekers. \n<\/div>\n<\/div><div class=\"bde-column-12837-229 bde-column thebox\">\n              \n  \n  \n\t\n\n\n\n<h1 class=\"bde-heading-12837-230 bde-heading\">\n<span class=\"heading_title_blue\">WordPress website onderhoud<\/span>\n<\/h1><div class=\"bde-text-12837-231 bde-text\">\nUpdates, controles en preventief onderhoud zodat je site stabiel blijft draaien. Inclusief basis checks op fouten, performance en compatibiliteit. \n<\/div>\n<\/div><\/div><div class=\"bde-columns-12837-232 bde-columns\"><div class=\"bde-column-12837-233 bde-column thebox\">\n              \n  \n  \n\t\n\n\n\n<h1 class=\"bde-heading-12837-234 bde-heading\">\n<span class=\"heading_title_blue\">WP Doctor \u2013 Los \u00e9\u00e9n WordPress probleem op<\/span>\n<\/h1><div class=\"bde-text-12837-235 bde-text\">\nIk bied snelle en gerichte WordPress support voor het oplossen van \u00e9\u00e9n specifiek probleem. Met diepgaande kennis van WordPress spoor ik de oorzaak effici\u00ebnt op en los ik het probleem vakkundig voor je op.\n<\/div>\n<\/div><div class=\"bde-column-12837-236 bde-column thebox\">\n              \n  \n  \n\t\n\n\n\n<h1 class=\"bde-heading-12837-237 bde-heading\">\n<span class=\"heading_title_blue\">WordPress Tune-Up Service<\/span>\n<\/h1><div class=\"bde-text-12837-238 bde-text\">\nNet als bij een auto heeft ook je website af en toe een onderhoudsbeurt nodig. Met deze tune-up zorg ik ervoor dat je WordPress website weer up-to-date, stabiel en veilig draait \u2014 essentieel voor goede prestaties en betrouwbaarheid.\n<\/div>\n<\/div><\/div><div class=\"bde-columns-12837-239 bde-columns\"><div class=\"bde-column-12837-240 bde-column thebox\">\n              \n  \n  \n\t\n\n\n\n<h1 class=\"bde-heading-12837-241 bde-heading\">\n<span class=\"heading_title_blue\">WordPress Malware Verwijdering<\/span>\n<\/h1><div class=\"bde-text-12837-242 bde-text\">\nIs je WordPress website gehackt of ge\u00efnfecteerd? Ik ben gespecialiseerd in WordPress beveiliging en malwareverwijdering. Ge\u00efnfecteerde bestanden worden opgeschoond, beveiligingslekken gedicht en je website wordt veilig hersteld \u2014 vaak nog dezelfde dag.\n<\/div>\n<\/div><div class=\"bde-column-12837-243 bde-column thebox\">\n              \n  \n  \n\t\n\n\n\n<h1 class=\"bde-heading-12837-244 bde-heading\">\n<span class=\"heading_title_blue\">WordPress Ontwikkeling \u2013 Huur een Expert In<\/span>\n<\/h1><div class=\"bde-text-12837-245 bde-text\">\nExtra expertise nodig? Ik help met aangepaste ontwikkeling, aanpassingen en technische WordPress taken. Of het nu gaat om een kleine aanpassing of complexere functionaliteit, je huurt direct een ervaren WordPress specialist in.\n<\/div>\n<\/div><\/div><div class=\"bde-columns-12837-217 bde-columns\"><div class=\"bde-column-12837-221 bde-column\">\n  \n  \n\t\n\n\n\n<div class=\"bde-globalblock-12837-249 bde-globalblock\"><div class=\"bde-button-14634-100-14634-1 bde-button bde-button-14634-100\">\n        \n    \n    \n    \n    \n            \n                    \n            \n            \n\n    \n    \n    \n    \n    \n    <a class=\"breakdance-link button-atom button-atom--custom bde-button__button\" href=\"https:\/\/wpfreelancer.dev\/nl\/diensten-voor-wordpress\/\" target=\"_self\" data-type=\"url\"  >\n\n    \n        <span class=\"button-atom__text\">Bekijk mijn diensten<\/span>\n\n        \n        \n                <\/a>\n\n    \n\n\n<\/div><\/div><div class=\"bde-fancy-divider-12837-248 bde-fancy-divider\">\n\n\n<div class=\"bde-fancy-divider__wrapper\">\n  <div class=\"bde-fancy-divider__separator\">\n  \t  <\/div>\n<\/div>\n\n<\/div>\n<\/div><\/div><div class=\"bde-image-12837-187 bde-image\">\n<figure class=\"breakdance-image breakdance-image--12934\">\n\t<div class=\"breakdance-image-container\">\n\t\t<div class=\"breakdance-image-clip\"><div class=\"breakdance-image__mask\"><img decoding=\"async\" class=\"breakdance-image-object\" src=\"https:\/\/wpfreelancer.dev\/wp-content\/uploads\/2024\/02\/wordpress-freelancer-768x512.jpg\" width=\"768\" height=\"512\" srcset=\"https:\/\/wpfreelancer.dev\/wp-content\/uploads\/2024\/02\/wordpress-freelancer-768x512.jpg 768w, https:\/\/wpfreelancer.dev\/wp-content\/uploads\/2024\/02\/wordpress-freelancer-300x200.jpg 300w, https:\/\/wpfreelancer.dev\/wp-content\/uploads\/2024\/02\/wordpress-freelancer.jpg 1000w\" sizes=\"auto, (max-width: 768px) 100vw, 768px\" alt=\"Een kritieke fout herstellen op een WordPress site voor verbeterde functionaliteit\" loading=\"lazy\"><\/div><\/div>\n\t<\/div><\/figure>\n\n<\/div><\/div>\n<\/section><section class=\"bde-section-12837-188 bde-section\">\n  \n  \n\t\n\n\n\n<div class=\"section-container\"><h1 id=\"resume-home__h2\" class=\"bde-heading-12837-189 bde-heading\">\nMijn loopbaan: groei, <span class='heading_title_blue'>expertise en<\/span> specialisatie in WordPress\n<\/h1><div class=\"bde-div-12837-190 bde-div\">\n  \n  \n\t\n\n\n\n<div class=\"bde-div-12837-191 bde-div\">\n  \n  \n\t\n\n\n\n<h2 class=\"bde-heading-12837-192 bde-heading\">\nWebdesign, Ontwikkeling <br>&amp; Hosting\n<\/h2><div class=\"bde-text-12837-193 bde-text\">\n2008 - HEDEN\n<\/div><div class=\"bde-text-12837-194 bde-text\">\nOprichter en eigenaar van een webbedrijf dat diensten levert op het gebied van webdesign, ontwikkeling en hosting voor een breed scala aan klanten, met een sterke focus op WordPress-gebaseerde oplossingen.\n<\/div>\n<\/div><div class=\"bde-div-12837-199 bde-div\">\n  \n  \n\t\n\n\n\n<h2 class=\"bde-heading-12837-200 bde-heading\">\nSupport Agent\n<\/h2><div class=\"bde-text-12837-201 bde-text\">\n2019 - HEDEN\n<\/div><div class=\"bde-text-12837-202 bde-text\">\nWerken als eerstelijns WordPress support agent in een white-label omgeving. Verantwoordelijk voor het oplossen van technische problemen, het afhandelen van prestatiegerelateerde verzoeken en het bieden van doorlopende ondersteuning voor meerdere WordPress services.\n<\/div>\n<\/div><div class=\"bde-div-12837-195 bde-div\">\n  \n  \n\t\n\n\n\n<h2 class=\"bde-heading-12837-196 bde-heading\">\nWordPress Snelheid <br>Optimalisatie Expert\n<\/h2><div class=\"bde-text-12837-197 bde-text\">\n2021 - HEDEN\n<\/div><div class=\"bde-text-12837-198 bde-text\">\nGespecialiseerd in prestatieoptimalisatie van WordPress, gericht op het verbeteren van laadtijden en Core Web Vitals. Behaalde twee tweede plaatsen in een internationale WordPress Performance Contest (Cloudways, 2021).\n<\/div>\n<\/div>\n<\/div><a class=\"bde-container-link-12837-205 bde-container-link breakdance-link\" href=\"#\" target=\"_self\" aria-label=\"contact met mij opnemen\" role=\"button\">\n  \n  \n\t\n\n\n\n<div class=\"bde-image-12837-206 bde-image clock\" aria-label=\"contact met mij opnemen\" role=\"button\">\n<figure class=\"breakdance-image breakdance-image--13928\">\n\t<div class=\"breakdance-image-container\">\n\t\t<div class=\"breakdance-image-clip\"><a class=\"breakdance-image-link breakdance-image-link--url\" href=\"https:\/\/wpfreelancer.dev\/nl\/neem-contact-op-met\/\" target=\"_self\" rel=\"noopener\" data-sub-html=\"\" data-lg-size=\"-\"><img decoding=\"async\" class=\"breakdance-image-object\" src=\"https:\/\/wpfreelancer.dev\/wp-content\/uploads\/2024\/12\/hire-a-wordpress-expert-300.webp\" width=\"236\" height=\"239\" alt=\"Een WordPress expert inhuren\" loading=\"lazy\"><\/a><\/div>\n\t<\/div><\/figure>\n\n<\/div>\n\n<\/a><\/div>\n<\/section><section class=\"bde-section-12837-207 bde-section\">\n  \n  \n\t\n\n\n\n<div class=\"section-container\"><h2 id=\"testimonial-home__h2\" class=\"bde-heading-12837-208 bde-heading\">\nKlant aan het woord \u2014<br>Eerlijke feedback, echte resultaten\n<\/h2><div class=\"bde-columns-12837-209 bde-columns\"><div class=\"bde-column-12837-210 bde-column\">\n  \n  \n\t\n\n\n\n<div class=\"bde-image-12837-212 bde-image\">\n<figure class=\"breakdance-image breakdance-image--12925\">\n\t<div class=\"breakdance-image-container\">\n\t\t<div class=\"breakdance-image-clip\"><img loading=\"lazy\" decoding=\"async\" class=\"breakdance-image-object\" src=\"https:\/\/wpfreelancer.dev\/wp-content\/uploads\/2024\/02\/John-Kramer-profile-picture.jpg\" width=\"768\" height=\"849\" srcset=\"https:\/\/wpfreelancer.dev\/wp-content\/uploads\/2024\/02\/John-Kramer-profile-picture.jpg 768w, https:\/\/wpfreelancer.dev\/wp-content\/uploads\/2024\/02\/John-Kramer-profile-picture-271x300.jpg 271w\" sizes=\"auto, (max-width: 768px) 100vw, 768px\" alt=\"Blije klant uit Amsterdam deelt een beoordeling van WordPress optimalisatie diensten\"><\/div>\n\t<\/div><\/figure>\n\n<\/div>\n<\/div><div class=\"bde-column-12837-211 bde-column\">\n  \n  \n\t\n\n\n\n<div class=\"bde-text-12837-213 bde-text\">\nJohn Kramer Marketing\n<\/div><div class=\"bde-text-12837-214 bde-text\">\nJohn Kramer\n<\/div><div class=\"bde-text-12837-215 bde-text\">\n\"   Ik zou het zeker aanraden om met Fred van WP Freelancer te werken. Professioneel en op tijd geleverd met een geweldige klantenservice! \"<br><br>Fred is voor ons van onschatbare waarde geweest. Hij heeft onze WordPress problemen vakkundig aangepakt, de prestaties van onze website verbeterd en een breed scala aan technische vaardigheden laten zien. Hij onderscheidt zich door zijn snelle, attente en deskundige aanpak.<br><br>Fred heeft altijd een uitzonderlijke klantenservice geleverd, waarbij hij alle opdrachten effici\u00ebnt en nauwkeurig heeft aangepakt. Zijn methodische en georganiseerde aard, in combinatie met zijn diepgaande kennis van WordPress, zorgt ervoor dat hij altijd klaar staat om te helpen wanneer we in nood zijn. Hij reageert snel en geeft inzichtelijk advies, acties of begeleiding om elk probleem op te lossen.<br><br>Ik kan Fred van harte aanbevelen aan iedereen die technische ondersteuning van topkwaliteit nodig heeft. Zijn professionaliteit, punctualiteit en uitstekende klantenservice zijn echt prijzenswaardig. \"\n<\/div>\n<\/div><\/div><\/div>\n<\/section>","protected":false},"excerpt":{"rendered":"<p>Hey, People! I\u2019m Fred WordPress expert and speed guru. 24\/7 WordPress website maintenance and (white-label) support services for website owners, agencies and freelancers. View All Services How it works Submit a Ticket to Get Started Start by selecting the service you require and submitting a ticket through my system. Provide a detailed description of the [&hellip;]<\/p>\n","protected":false},"author":22087,"featured_media":0,"parent":0,"menu_order":0,"comment_status":"closed","ping_status":"closed","template":"","meta":{"_seopress_robots_primary_cat":"","_seopress_titles_title":"WP freelancer WordPress Maintenance & Expert Support Services","_seopress_titles_desc":"24\/7 WordPress website maintenance and (white-label) support services for website owners, agencies and freelancers.","_seopress_robots_index":"","_breakdance_hide_in_design_set":false,"_breakdance_tags":"","footnotes":""},"class_list":["post-12837","page","type-page","status-publish","hentry"],"_links":{"self":[{"href":"https:\/\/wpfreelancer.dev\/nl\/wp-json\/wp\/v2\/pages\/12837","targetHints":{"allow":["GET"]}}],"collection":[{"href":"https:\/\/wpfreelancer.dev\/nl\/wp-json\/wp\/v2\/pages"}],"about":[{"href":"https:\/\/wpfreelancer.dev\/nl\/wp-json\/wp\/v2\/types\/page"}],"author":[{"embeddable":true,"href":"https:\/\/wpfreelancer.dev\/nl\/wp-json\/wp\/v2\/users\/22087"}],"replies":[{"embeddable":true,"href":"https:\/\/wpfreelancer.dev\/nl\/wp-json\/wp\/v2\/comments?post=12837"}],"version-history":[{"count":0,"href":"https:\/\/wpfreelancer.dev\/nl\/wp-json\/wp\/v2\/pages\/12837\/revisions"}],"wp:attachment":[{"href":"https:\/\/wpfreelancer.dev\/nl\/wp-json\/wp\/v2\/media?parent=12837"}],"curies":[{"name":"wp","href":"https:\/\/api.w.org\/{rel}","templated":true}]}}